{"id":25,"date":"2019-10-08T12:07:01","date_gmt":"2019-10-08T10:07:01","guid":{"rendered":"https:\/\/hotel-barrey.com\/?page_id=25"},"modified":"2019-11-03T18:16:15","modified_gmt":"2019-11-03T17:16:15","slug":"lhistoire","status":"publish","type":"page","link":"https:\/\/hotel-barrey.com\/en\/lhistoire\/","title":{"rendered":"About Us"},"content":{"rendered":"<div data-elementor-type=\"wp-page\" data-elementor-id=\"25\" class=\"elementor elementor-25\">\n\t\t\t\t\t\t<section class=\"elementor-section elementor-top-section elementor-element elementor-element-1b56ae4 elementor-section-boxed elementor-section-height-default elementor-section-height-default\" data-id=\"1b56ae4\" data-element_type=\"section\" data-e-type=\"section\">\n\t\t\t\t\t\t<div class=\"elementor-container elementor-column-gap-default\">\n\t\t\t\t\t<div class=\"elementor-column elementor-col-100 elementor-top-column elementor-element elementor-element-e422c4c\" data-id=\"e422c4c\" data-element_type=\"column\" data-e-type=\"column\">\n\t\t\t<div class=\"elementor-widget-wrap elementor-element-populated\">\n\t\t\t\t\t\t<div class=\"elementor-element elementor-element-0d3f51e elementor-widget elementor-widget-spacer\" data-id=\"0d3f51e\" data-element_type=\"widget\" data-e-type=\"widget\" data-widget_type=\"spacer.default\">\n\t\t\t\t<div class=\"elementor-widget-container\">\n\t\t\t\t\t\t\t<div class=\"elementor-spacer\">\n\t\t\t<div class=\"elementor-spacer-inner\"><\/div>\n\t\t<\/div>\n\t\t\t\t\t\t<\/div>\n\t\t\t\t<\/div>\n\t\t\t\t\t<\/div>\n\t\t<\/div>\n\t\t\t\t\t<\/div>\n\t\t<\/section>\n\t\t\t\t<section class=\"elementor-section elementor-top-section elementor-element elementor-element-73f3c0d elementor-section-boxed elementor-section-height-default elementor-section-height-default\" data-id=\"73f3c0d\" data-element_type=\"section\" data-e-type=\"section\">\n\t\t\t\t\t\t<div class=\"elementor-container elementor-column-gap-default\">\n\t\t\t\t\t<div class=\"elementor-column elementor-col-100 elementor-top-column elementor-element elementor-element-31b6fc6\" data-id=\"31b6fc6\" data-element_type=\"column\" data-e-type=\"column\">\n\t\t\t<div class=\"elementor-widget-wrap elementor-element-populated\">\n\t\t\t\t\t\t<div class=\"elementor-element elementor-element-9d35a9b elementor-widget elementor-widget-heading\" data-id=\"9d35a9b\" data-element_type=\"widget\" data-e-type=\"widget\" data-widget_type=\"heading.default\">\n\t\t\t\t<div class=\"elementor-widget-container\">\n\t\t\t\t\t<h2 class=\"elementor-heading-title elementor-size-default\">115 years of History !<\/h2>\t\t\t\t<\/div>\n\t\t\t\t<\/div>\n\t\t\t\t<div class=\"elementor-element elementor-element-90f67e7 elementor-widget elementor-widget-spacer\" data-id=\"90f67e7\" data-element_type=\"widget\" data-e-type=\"widget\" data-widget_type=\"spacer.default\">\n\t\t\t\t<div class=\"elementor-widget-container\">\n\t\t\t\t\t\t\t<div class=\"elementor-spacer\">\n\t\t\t<div class=\"elementor-spacer-inner\"><\/div>\n\t\t<\/div>\n\t\t\t\t\t\t<\/div>\n\t\t\t\t<\/div>\n\t\t\t\t<div class=\"elementor-element elementor-element-e2d257d elementor-widget elementor-widget-text-editor\" data-id=\"e2d257d\" data-element_type=\"widget\" data-e-type=\"widget\" data-widget_type=\"text-editor.default\">\n\t\t\t\t<div class=\"elementor-widget-container\">\n\t\t\t\t\t\t\t\t\t<p>The Barrey Hotel Restaurant was created over a century ago back in 1880 by the family of the same name. The passion for hospitality and catering has been transmitted and four generations have worked there for nearly 115 years.<\/p><p>Already known for its remarkable morel crust, the Hotel Restaurant continues its reputation when Lucie, grandmother Barrey serves this dish to the President of the Republic Albert Lebrun, in 1933 during a visit to Besan\u00e7on. Hence the name of the famous \"crust with morels Albert! <\/p>\t\t\t\t\t\t\t\t<\/div>\n\t\t\t\t<\/div>\n\t\t\t\t\t<\/div>\n\t\t<\/div>\n\t\t\t\t\t<\/div>\n\t\t<\/section>\n\t\t\t\t<section class=\"elementor-section elementor-top-section elementor-element elementor-element-bb872be elementor-section-boxed elementor-section-height-default elementor-section-height-default\" data-id=\"bb872be\" data-element_type=\"section\" data-e-type=\"section\">\n\t\t\t\t\t\t<div class=\"elementor-container elementor-column-gap-default\">\n\t\t\t\t\t<div class=\"elementor-column elementor-col-100 elementor-top-column elementor-element elementor-element-bdb5c02\" data-id=\"bdb5c02\" data-element_type=\"column\" data-e-type=\"column\">\n\t\t\t<div class=\"elementor-widget-wrap elementor-element-populated\">\n\t\t\t\t\t\t<div class=\"elementor-element elementor-element-19deb43 elementor-widget elementor-widget-image\" data-id=\"19deb43\" data-element_type=\"widget\" data-e-type=\"widget\" data-widget_type=\"image.default\">\n\t\t\t\t<div class=\"elementor-widget-container\">\n\t\t\t\t\t\t\t\t\t\t\t\t<figure class=\"wp-caption\">\n\t\t\t\t\t\t\t\t\t\t\t<a href=\"https:\/\/hotel-barrey.com\/wp-content\/uploads\/2019\/10\/ZZ.jpg\" data-elementor-open-lightbox=\"yes\" data-elementor-lightbox-title=\"ZZ\" data-e-action-hash=\"#elementor-action%3Aaction%3Dlightbox%26settings%3DeyJpZCI6NDMyLCJ1cmwiOiJodHRwczpcL1wvaG90ZWwtYmFycmV5LmNvbVwvd3AtY29udGVudFwvdXBsb2Fkc1wvMjAxOVwvMTBcL1paLmpwZyJ9\">\n\t\t\t\t\t\t\t<img fetchpriority=\"high\" decoding=\"async\" width=\"1024\" height=\"341\" src=\"https:\/\/hotel-barrey.com\/wp-content\/uploads\/2019\/10\/ZZ-1024x341.jpg\" class=\"attachment-large size-large wp-image-432\" alt=\"\" srcset=\"https:\/\/hotel-barrey.com\/wp-content\/uploads\/2019\/10\/ZZ-1024x341.jpg 1024w, https:\/\/hotel-barrey.com\/wp-content\/uploads\/2019\/10\/ZZ-300x100.jpg 300w, https:\/\/hotel-barrey.com\/wp-content\/uploads\/2019\/10\/ZZ-768x256.jpg 768w, https:\/\/hotel-barrey.com\/wp-content\/uploads\/2019\/10\/ZZ-440x146.jpg 440w, https:\/\/hotel-barrey.com\/wp-content\/uploads\/2019\/10\/ZZ-600x200.jpg 600w\" sizes=\"(max-width: 1024px) 100vw, 1024px\" \/>\t\t\t\t\t\t\t\t<\/a>\n\t\t\t\t\t\t\t\t\t\t\t<figcaption class=\"widget-image-caption wp-caption-text\">Old Menu of Restaurant Barrey<\/figcaption>\n\t\t\t\t\t\t\t\t\t\t<\/figure>\n\t\t\t\t\t\t\t\t\t<\/div>\n\t\t\t\t<\/div>\n\t\t\t\t\t<\/div>\n\t\t<\/div>\n\t\t\t\t\t<\/div>\n\t\t<\/section>\n\t\t\t\t<section class=\"elementor-section elementor-top-section elementor-element elementor-element-16fc5e0 elementor-section-boxed elementor-section-height-default elementor-section-height-default\" data-id=\"16fc5e0\" data-element_type=\"section\" data-e-type=\"section\">\n\t\t\t\t\t\t<div class=\"elementor-container elementor-column-gap-default\">\n\t\t\t\t\t<div class=\"elementor-column elementor-col-100 elementor-top-column elementor-element elementor-element-0b212c0\" data-id=\"0b212c0\" data-element_type=\"column\" data-e-type=\"column\">\n\t\t\t<div class=\"elementor-widget-wrap elementor-element-populated\">\n\t\t\t\t\t\t<div class=\"elementor-element elementor-element-3077805 elementor-widget elementor-widget-spacer\" data-id=\"3077805\" data-element_type=\"widget\" data-e-type=\"widget\" data-widget_type=\"spacer.default\">\n\t\t\t\t<div class=\"elementor-widget-container\">\n\t\t\t\t\t\t\t<div class=\"elementor-spacer\">\n\t\t\t<div class=\"elementor-spacer-inner\"><\/div>\n\t\t<\/div>\n\t\t\t\t\t\t<\/div>\n\t\t\t\t<\/div>\n\t\t\t\t\t<\/div>\n\t\t<\/div>\n\t\t\t\t\t<\/div>\n\t\t<\/section>\n\t\t\t\t<section class=\"elementor-section elementor-top-section elementor-element elementor-element-4e5944c elementor-section-boxed elementor-section-height-default elementor-section-height-default\" data-id=\"4e5944c\" data-element_type=\"section\" data-e-type=\"section\">\n\t\t\t\t\t\t<div class=\"elementor-container elementor-column-gap-default\">\n\t\t\t\t\t<div class=\"elementor-column elementor-col-50 elementor-top-column elementor-element elementor-element-1bde4c8\" data-id=\"1bde4c8\" data-element_type=\"column\" data-e-type=\"column\">\n\t\t\t<div class=\"elementor-widget-wrap elementor-element-populated\">\n\t\t\t\t\t\t<div class=\"elementor-element elementor-element-dffacf4 elementor-widget elementor-widget-text-editor\" data-id=\"dffacf4\" data-element_type=\"widget\" data-e-type=\"widget\" data-widget_type=\"text-editor.default\">\n\t\t\t\t<div class=\"elementor-widget-container\">\n\t\t\t\t\t\t\t\t\t<p>After many years of work and the succession of several generations, the Barrey family passed on the Hotel Restaurant Barrey to Mr and Mrs B\u00f4le in 1995.<\/p><p>Since 2004 Mr and Mrs Boillon took over the Hotel Restaurant Barrey, they transmit the family and warm values of this hotel, and perpetuate the tradition of tasty morel crust, whose secret was transmitted by Mr Hubert Barrey. <\/p>\t\t\t\t\t\t\t\t<\/div>\n\t\t\t\t<\/div>\n\t\t\t\t\t<\/div>\n\t\t<\/div>\n\t\t\t\t<div class=\"elementor-column elementor-col-50 elementor-top-column elementor-element elementor-element-360c024\" data-id=\"360c024\" data-element_type=\"column\" data-e-type=\"column\">\n\t\t\t<div class=\"elementor-widget-wrap elementor-element-populated\">\n\t\t\t\t\t\t<div class=\"elementor-element elementor-element-922fe80 elementor-widget elementor-widget-image\" data-id=\"922fe80\" data-element_type=\"widget\" data-e-type=\"widget\" data-widget_type=\"image.default\">\n\t\t\t\t<div class=\"elementor-widget-container\">\n\t\t\t\t\t\t\t\t\t\t\t\t<figure class=\"wp-caption\">\n\t\t\t\t\t\t\t\t\t\t\t<a href=\"https:\/\/hotel-barrey.com\/wp-content\/uploads\/2019\/10\/DSC_1015.jpg\" data-elementor-open-lightbox=\"yes\" data-elementor-lightbox-title=\"DSC_1015\" data-e-action-hash=\"#elementor-action%3Aaction%3Dlightbox%26settings%3DeyJpZCI6NDYyLCJ1cmwiOiJodHRwczpcL1wvaG90ZWwtYmFycmV5LmNvbVwvd3AtY29udGVudFwvdXBsb2Fkc1wvMjAxOVwvMTBcL0RTQ18xMDE1LmpwZyJ9\">\n\t\t\t\t\t\t\t<img decoding=\"async\" width=\"199\" height=\"300\" src=\"https:\/\/hotel-barrey.com\/wp-content\/uploads\/2019\/10\/DSC_1015-199x300.jpg\" class=\"attachment-medium size-medium wp-image-462\" alt=\"\" srcset=\"https:\/\/hotel-barrey.com\/wp-content\/uploads\/2019\/10\/DSC_1015-199x300.jpg 199w, https:\/\/hotel-barrey.com\/wp-content\/uploads\/2019\/10\/DSC_1015-768x1159.jpg 768w, https:\/\/hotel-barrey.com\/wp-content\/uploads\/2019\/10\/DSC_1015-678x1024.jpg 678w, https:\/\/hotel-barrey.com\/wp-content\/uploads\/2019\/10\/DSC_1015-440x664.jpg 440w, https:\/\/hotel-barrey.com\/wp-content\/uploads\/2019\/10\/DSC_1015-600x906.jpg 600w, https:\/\/hotel-barrey.com\/wp-content\/uploads\/2019\/10\/DSC_1015.jpg 795w\" sizes=\"(max-width: 199px) 100vw, 199px\" \/>\t\t\t\t\t\t\t\t<\/a>\n\t\t\t\t\t\t\t\t\t\t\t<figcaption class=\"widget-image-caption wp-caption-text\">Chief BOILLON<\/figcaption>\n\t\t\t\t\t\t\t\t\t\t<\/figure>\n\t\t\t\t\t\t\t\t\t<\/div>\n\t\t\t\t<\/div>\n\t\t\t\t\t<\/div>\n\t\t<\/div>\n\t\t\t\t\t<\/div>\n\t\t<\/section>\n\t\t\t\t<section class=\"elementor-section elementor-top-section elementor-element elementor-element-731f78d elementor-section-boxed elementor-section-height-default elementor-section-height-default\" data-id=\"731f78d\" data-element_type=\"section\" data-e-type=\"section\">\n\t\t\t\t\t\t<div class=\"elementor-container elementor-column-gap-default\">\n\t\t\t\t\t<div class=\"elementor-column elementor-col-100 elementor-top-column elementor-element elementor-element-e60456e\" data-id=\"e60456e\" data-element_type=\"column\" data-e-type=\"column\">\n\t\t\t<div class=\"elementor-widget-wrap elementor-element-populated\">\n\t\t\t\t\t\t<div class=\"elementor-element elementor-element-f14268f elementor-widget elementor-widget-spacer\" data-id=\"f14268f\" data-element_type=\"widget\" data-e-type=\"widget\" data-widget_type=\"spacer.default\">\n\t\t\t\t<div class=\"elementor-widget-container\">\n\t\t\t\t\t\t\t<div class=\"elementor-spacer\">\n\t\t\t<div class=\"elementor-spacer-inner\"><\/div>\n\t\t<\/div>\n\t\t\t\t\t\t<\/div>\n\t\t\t\t<\/div>\n\t\t\t\t<div class=\"elementor-element elementor-element-4e77efb elementor-widget elementor-widget-image\" data-id=\"4e77efb\" data-element_type=\"widget\" data-e-type=\"widget\" data-widget_type=\"image.default\">\n\t\t\t\t<div class=\"elementor-widget-container\">\n\t\t\t\t\t\t\t\t\t\t\t\t<figure class=\"wp-caption\">\n\t\t\t\t\t\t\t\t\t\t\t<a href=\"https:\/\/hotel-barrey.com\/wp-content\/uploads\/2019\/10\/photo-hotel-462.jpg\" data-elementor-open-lightbox=\"yes\" data-elementor-lightbox-title=\"photo hotel 462\" data-e-action-hash=\"#elementor-action%3Aaction%3Dlightbox%26settings%3DeyJpZCI6MzI1LCJ1cmwiOiJodHRwczpcL1wvaG90ZWwtYmFycmV5LmNvbVwvd3AtY29udGVudFwvdXBsb2Fkc1wvMjAxOVwvMTBcL3Bob3RvLWhvdGVsLTQ2Mi5qcGcifQ%3D%3D\">\n\t\t\t\t\t\t\t<img decoding=\"async\" width=\"300\" height=\"199\" src=\"https:\/\/hotel-barrey.com\/wp-content\/uploads\/2019\/10\/photo-hotel-462-300x199.jpg\" class=\"attachment-medium size-medium wp-image-325\" alt=\"\" srcset=\"https:\/\/hotel-barrey.com\/wp-content\/uploads\/2019\/10\/photo-hotel-462-300x199.jpg 300w, https:\/\/hotel-barrey.com\/wp-content\/uploads\/2019\/10\/photo-hotel-462-768x510.jpg 768w, https:\/\/hotel-barrey.com\/wp-content\/uploads\/2019\/10\/photo-hotel-462-1024x680.jpg 1024w, https:\/\/hotel-barrey.com\/wp-content\/uploads\/2019\/10\/photo-hotel-462-700x466.jpg 700w, https:\/\/hotel-barrey.com\/wp-content\/uploads\/2019\/10\/photo-hotel-462-440x292.jpg 440w, https:\/\/hotel-barrey.com\/wp-content\/uploads\/2019\/10\/photo-hotel-462-600x399.jpg 600w, https:\/\/hotel-barrey.com\/wp-content\/uploads\/2019\/10\/photo-hotel-462.jpg 1200w\" sizes=\"(max-width: 300px) 100vw, 300px\" \/>\t\t\t\t\t\t\t\t<\/a>\n\t\t\t\t\t\t\t\t\t\t\t<figcaption class=\"widget-image-caption wp-caption-text\">Famous Crust of Morels<\/figcaption>\n\t\t\t\t\t\t\t\t\t\t<\/figure>\n\t\t\t\t\t\t\t\t\t<\/div>\n\t\t\t\t<\/div>\n\t\t\t\t\t<\/div>\n\t\t<\/div>\n\t\t\t\t\t<\/div>\n\t\t<\/section>\n\t\t\t\t<\/div>","protected":false},"excerpt":{"rendered":"<p>115 ans d&rsquo;histoire ! L\u2019H\u00f4tel Restaurant Barrey a \u00e9t\u00e9 cr\u00e9\u00e9 il y a plus d\u2019un si\u00e8cle en arri\u00e8re, en 1880, par la famille du m\u00eame nom. La passion pour l\u2019h\u00f4tellerie et la restauration s\u2019est transmise et quatre g\u00e9n\u00e9rations y ont [&hellip;]<\/p>\n","protected":false},"author":1,"featured_media":239,"parent":0,"menu_order":0,"comment_status":"closed","ping_status":"closed","template":"","meta":{"_seopress_robots_primary_cat":"","_seopress_titles_title":"","_seopress_titles_desc":"","_seopress_robots_index":"","footnotes":""},"class_list":["post-25","page","type-page","status-publish","has-post-thumbnail","hentry"],"_links":{"self":[{"href":"https:\/\/hotel-barrey.com\/en\/wp-json\/wp\/v2\/pages\/25","targetHints":{"allow":["GET"]}}],"collection":[{"href":"https:\/\/hotel-barrey.com\/en\/wp-json\/wp\/v2\/pages"}],"about":[{"href":"https:\/\/hotel-barrey.com\/en\/wp-json\/wp\/v2\/types\/page"}],"author":[{"embeddable":true,"href":"https:\/\/hotel-barrey.com\/en\/wp-json\/wp\/v2\/users\/1"}],"replies":[{"embeddable":true,"href":"https:\/\/hotel-barrey.com\/en\/wp-json\/wp\/v2\/comments?post=25"}],"version-history":[{"count":23,"href":"https:\/\/hotel-barrey.com\/en\/wp-json\/wp\/v2\/pages\/25\/revisions"}],"predecessor-version":[{"id":566,"href":"https:\/\/hotel-barrey.com\/en\/wp-json\/wp\/v2\/pages\/25\/revisions\/566"}],"wp:featuredmedia":[{"embeddable":true,"href":"https:\/\/hotel-barrey.com\/en\/wp-json\/wp\/v2\/media\/239"}],"wp:attachment":[{"href":"https:\/\/hotel-barrey.com\/en\/wp-json\/wp\/v2\/media?parent=25"}],"curies":[{"name":"wp","href":"https:\/\/api.w.org\/{rel}","templated":true}]}}