{"id":447,"date":"2019-10-19T20:47:23","date_gmt":"2019-10-19T18:47:23","guid":{"rendered":"https:\/\/hotel-barrey.com\/?page_id=447"},"modified":"2025-03-05T11:26:03","modified_gmt":"2025-03-05T10:26:03","slug":"mentions-legales","status":"publish","type":"page","link":"https:\/\/hotel-barrey.com\/en\/mentions-legales\/","title":{"rendered":"Legal Notice"},"content":{"rendered":"<div data-elementor-type=\"wp-page\" data-elementor-id=\"447\" class=\"elementor elementor-447\">\n\t\t\t\t\t\t<section class=\"elementor-section elementor-top-section elementor-element elementor-element-f367357 elementor-section-boxed elementor-section-height-default elementor-section-height-default\" data-id=\"f367357\" data-element_type=\"section\" data-e-type=\"section\">\n\t\t\t\t\t\t<div class=\"elementor-container elementor-column-gap-default\">\n\t\t\t\t\t<div class=\"elementor-column elementor-col-100 elementor-top-column elementor-element elementor-element-487e44f\" data-id=\"487e44f\" data-element_type=\"column\" data-e-type=\"column\">\n\t\t\t<div class=\"elementor-widget-wrap elementor-element-populated\">\n\t\t\t\t\t\t<div class=\"elementor-element elementor-element-c5e114f elementor-widget elementor-widget-text-editor\" data-id=\"c5e114f\" data-element_type=\"widget\" data-e-type=\"widget\" data-widget_type=\"text-editor.default\">\n\t\t\t\t<div class=\"elementor-widget-container\">\n\t\t\t\t\t\t\t\t\t<h1>MENTIONS LEGALES :<\/h1><p style=\"text-align: justify;\"><strong>\u00a0<\/strong><br \/>Conform\u00e9ment aux dispositions des articles 6-III et 19 de la Loi n\u00b0 2004-575 du 21 juin 2004 pour la Confiance dans l&rsquo;\u00e9conomie num\u00e9rique, dite L.C.E.N., nous portons \u00e0 la connaissance des utilisateurs et visiteurs du site : <a href=\"https:\/\/hotel-barrey.com\/en\/\" target=\"_blank\" rel=\"noopener\">www.hotel-barrey.com<\/a> les informations suivantes :<\/p><p style=\"text-align: justify;\"><strong>\u00c9DITEUR<\/strong><\/p><p style=\"text-align: justify;\">Le site <a style=\"color: #0782c1; font-family: sans-serif, Arial, Verdana,;\" href=\"https:\/\/hotel-barrey.com\/en\/\" target=\"_blank\" rel=\"noopener\">www.hotel-barrey.com<\/a>\u00a0est la propri\u00e9t\u00e9 exclusive de\u00a0<strong>SARL \u00a0<\/strong><strong>JIF<\/strong>, qui l&rsquo;\u00e9dite.<\/p><p style=\"text-align: justify;\"><strong>JIF<\/strong><strong>\u00a0<\/strong><br \/><strong>SARL <\/strong>au capital de<strong>\u00a0<\/strong><strong>10000 <\/strong>\u20acT\u00e9l\u00a0 : <strong>03 81 43 54 57<\/strong><\/p><p style=\"text-align: justify;\"><strong>PLACE SAINT PIERRE \u00a0<\/strong><strong>25390 ORCHAMPS-VENNES<\/strong><br \/>Immatricul\u00e9e au Registre du Commerce et des Soci\u00e9t\u00e9s de\u00a0\u00a0<strong>12-02-2004 <\/strong>sous le num\u00e9ro<strong>\u00a0<\/strong><strong>45207256400019<\/strong><strong>\u00a0<\/strong><\/p><p style=\"text-align: justify;\">Num\u00e9ro TVA intracommunautaire : <strong>FR79452072564<\/strong><br \/>Adresse de courrier \u00e9lectronique : <strong>hotel-barrey@orange.fr<\/strong><\/p><p>Directeur de la\u00a0 publication\u00a0: <strong>Justin BOILEAU<\/strong><br \/>Contactez le responsable de la publication : <strong>j.boileau6@gmail.com<\/strong><\/p><p style=\"text-align: justify;\"><strong>H\u00c9BERGEMENT<\/strong><\/p><p style=\"text-align: justify;\">Le site est h\u00e9berg\u00e9\u00a0par\u00a0<strong>Cervolant &#8211; 2 rue du Ch\u00eane, 25390 Orchamps-Vennes<\/strong><\/p><p><strong>MEDIATION DE LA CONSOMMATION<\/strong><\/p><p>Conform\u00e9ment aux dispositions du Code de la consommation, en cas de litige non r\u00e9solu apr\u00e8s r\u00e9clamation aupr\u00e8s de notre service client, le consommateur peut recourir gratuitement au m\u00e9diateur du Tourisme et du Voyage.<\/p><p>Apr\u00e8s avoir saisi le service (apr\u00e8s-vente, apr\u00e8s voyage&#8230;) et \u00e0 d\u00e9faut de r\u00e9ponse satisfaisante ou en l&rsquo;absence de r\u00e9ponse dans un d\u00e9lai de 60 jours, le client peut saisir gratuitement le m\u00e9diateur du Tourisme et du Voyage, dont les coordonn\u00e9es et modalit\u00e9s de saisine sont disponibles sur son site: <a href=\"http:\/\/www.mtv.travel\">www.mtv.travel<\/a><\/p>\t\t\t\t\t\t\t\t<\/div>\n\t\t\t\t<\/div>\n\t\t\t\t\t<\/div>\n\t\t<\/div>\n\t\t\t\t\t<\/div>\n\t\t<\/section>\n\t\t\t\t<\/div>","protected":false},"excerpt":{"rendered":"<p>MENTIONS LEGALES : \u00a0Conform\u00e9ment aux dispositions des articles 6-III et 19 de la Loi n\u00b0 2004-575 du 21 juin 2004 pour la Confiance dans l&rsquo;\u00e9conomie num\u00e9rique, dite L.C.E.N., nous portons \u00e0 la connaissance des utilisateurs et visiteurs du site : [&hellip;]<\/p>\n","protected":false},"author":1,"featured_media":0,"parent":0,"menu_order":0,"comment_status":"closed","ping_status":"closed","template":"","meta":{"_seopress_robots_primary_cat":"","_seopress_titles_title":"","_seopress_titles_desc":"","_seopress_robots_index":"","footnotes":""},"class_list":["post-447","page","type-page","status-publish","hentry"],"_links":{"self":[{"href":"https:\/\/hotel-barrey.com\/en\/wp-json\/wp\/v2\/pages\/447","targetHints":{"allow":["GET"]}}],"collection":[{"href":"https:\/\/hotel-barrey.com\/en\/wp-json\/wp\/v2\/pages"}],"about":[{"href":"https:\/\/hotel-barrey.com\/en\/wp-json\/wp\/v2\/types\/page"}],"author":[{"embeddable":true,"href":"https:\/\/hotel-barrey.com\/en\/wp-json\/wp\/v2\/users\/1"}],"replies":[{"embeddable":true,"href":"https:\/\/hotel-barrey.com\/en\/wp-json\/wp\/v2\/comments?post=447"}],"version-history":[{"count":5,"href":"https:\/\/hotel-barrey.com\/en\/wp-json\/wp\/v2\/pages\/447\/revisions"}],"predecessor-version":[{"id":995,"href":"https:\/\/hotel-barrey.com\/en\/wp-json\/wp\/v2\/pages\/447\/revisions\/995"}],"wp:attachment":[{"href":"https:\/\/hotel-barrey.com\/en\/wp-json\/wp\/v2\/media?parent=447"}],"curies":[{"name":"wp","href":"https:\/\/api.w.org\/{rel}","templated":true}]}}